{"id":131,"date":"2020-04-28T18:22:37","date_gmt":"2020-04-28T16:22:37","guid":{"rendered":"http:\/\/archers-odet.com\/WordPress-AO\/?page_id=131"},"modified":"2023-09-03T09:25:10","modified_gmt":"2023-09-03T07:25:10","slug":"reglements","status":"publish","type":"page","link":"https:\/\/archers-odet.com\/WordPress-AO\/reglements\/","title":{"rendered":"R\u00e8glement"},"content":{"rendered":"\n<ol class=\"wp-block-list\" start=\"1\">\n<li><strong>LE COMITE DIRECTEUR DES ARCHERS DE L\u2019ODET<\/strong> se compose de onze membres maximum, \u00e9lus chaque ann\u00e9e lors de l\u2019Assembl\u00e9e G\u00e9n\u00e9rale. Voici leurs titres&nbsp;:<\/li>\n<\/ol>\n\n\n\n<ul class=\"wp-block-list\">\n<li>Pr\u00e9sident \/ Pr\u00e9sidente<\/li>\n\n\n\n<li>Vice-pr\u00e9sident \/ Vice Pr\u00e9sidente<\/li>\n\n\n\n<li>Tr\u00e9sorier \/ Tr\u00e9sori\u00e8re<\/li>\n\n\n\n<li>Secr\u00e9taire, assist\u00e9 d\u2019un secr\u00e9taire adjoint ou d&rsquo;une secr\u00e9taire adjointe<\/li>\n\n\n\n<li>Responsable communication<\/li>\n\n\n\n<li>Responsable tir Nature \/ 3D<\/li>\n\n\n\n<li>Responsable tir sur cible anglaise et campagne<\/li>\n\n\n\n<li>Responsable mat\u00e9riel, assist\u00e9 d\u2019un adjoint ou d&rsquo;une adjointe<\/li>\n<\/ul>\n\n\n\n<ol class=\"wp-block-list\" start=\"2\">\n<li><strong>LICENCE&nbsp;:<\/strong><\/li>\n<\/ol>\n\n\n\n<p>Tous les archers pratiquants doivent \u00eatre en possession d\u2019une licence FFTA en cours de validit\u00e9 et \u00eatre \u00e0 jour de leur cotisation.<\/p>\n\n\n\n<ol class=\"wp-block-list\" start=\"3\">\n<li><strong>ARCHERS NON LICENCIES AU CLUB&nbsp;:<\/strong><\/li>\n<\/ol>\n\n\n\n<p>Les archers non licenci\u00e9s au club souhaitant pouvoir utiliser les installations de tir devront s\u2019acquitter d&rsquo;un droit de paille d&rsquo;un montant de <strong>50 euros<\/strong>.<\/p>\n\n\n\n<ol class=\"wp-block-list\" start=\"4\">\n<li><strong>INSCRIPTION, REINSCRIPTION ET TARIFS&nbsp;:<\/strong><\/li>\n<\/ol>\n\n\n\n<p>Pour les d\u00e9butants, les inscriptions au stage d\u2019initiation se feront le jour du forum des associations.<\/p>\n\n\n\n<p>L\u2019inscription pour la licence devra se faire \u00e0 partir de la semaine suivant le stage d&rsquo;initiation, accompagn\u00e9e du r\u00e8glement et d&rsquo;un certificat m\u00e9dical.<\/p>\n\n\n\n<p>Le renouvellement des licences devra \u00eatre fait au plus tard le 15 octobre, dernier d\u00e9lai, les mardis et jeudis aux heures d\u2019entra\u00eenements.<\/p>\n\n\n\n<p>Toute nouvelle inscription au club devra \u00eatre accompagn\u00e9e d\u2019un certificat m\u00e9dical de moins d\u2019un an sur lequel il sera stipul\u00e9 \u00ab&nbsp;non contre-indication du tir \u00e0 l\u2019arc en comp\u00e9tition&nbsp;\u00bb.<\/p>\n\n\n\n<p>Stage d\u2019Initiation (4h30 sur 3 jours) : <strong>40,00 \u20ac<\/strong><\/p>\n\n\n\n<p>Licence Jeune&nbsp;: benjamin U13 (11 \u00e0 12 ans), minime U15 (13 \u00e0 14 ans), cadet U18 (15 \u00e0 17 ans) et junior&nbsp;U21 (18 \u00e0 20 ans) : <strong>140,00 \u20ac<\/strong><\/p>\n\n\n\n<p>Licence Adulte, S1 \u00e0 S3 : <strong>160,00 \u20ac<\/strong><\/p>\n\n\n\n<p>Les archers qui participeront activement \u00e0 la vie du club, 3 participations au minimum \u00e0 des \u00e9v\u00e8nements (r\u00e9parations, mise en place de cibles, concours, etc&#8230;) verront leur cotisation diminuer de 20 euros la saison suivante.<\/p>\n\n\n\n<p>Ceci vaut \u00e9galement pour les jeunes archers dont les parents veulent s\u2019investir dans le sport choisi par leur enfant.<\/p>\n\n\n\n<ol class=\"wp-block-list\" start=\"5\">\n<li><strong>HORAIRES et PLANNING des ENTRAINEMENTS&nbsp;<\/strong><\/li>\n<\/ol>\n\n\n\n<ul class=\"wp-block-list\">\n<li>Salle de sport du Kerustum&nbsp;(56 avenue Remsheid) : de septembre \u00e0 mars<\/li>\n<\/ul>\n\n\n\n<ul class=\"wp-block-list\">\n<li>Pas de tir de Creac\u2019h Gwen&nbsp;(131 bd de Creac\u2019h Gwen) : d\u2019avril \u00e0 fin juin<\/li>\n<\/ul>\n\n\n\n<ul class=\"wp-block-list\">\n<li>Bois de Saint Alouarn (Tal Ar C Hoat \u00e0 Guengat)<\/li>\n<\/ul>\n\n\n\n<figure class=\"wp-block-table is-style-stripes\"><table><tbody><tr><td class=\"has-text-align-center\" data-align=\"center\">ACTIVIT\u00c9S<\/td><td class=\"has-text-align-center\" data-align=\"center\">JOURS<\/td><td class=\"has-text-align-center\" data-align=\"center\">HORAIRES<\/td><td class=\"has-text-align-center\" data-align=\"center\">LIEUX<\/td><\/tr><tr><td class=\"has-text-align-center\" data-align=\"center\">&nbsp;&nbsp; Initiations (avant licence)<\/td><td class=\"has-text-align-center\" data-align=\"center\">Lundi Mercredi Vendredi<\/td><td class=\"has-text-align-center\" data-align=\"center\">18h30-20h00<\/td><td class=\"has-text-align-center\" data-align=\"center\">Creac\u2019h Gwen<\/td><\/tr><tr><td class=\"has-text-align-center\" data-align=\"center\">&nbsp;&nbsp; Ecole d\u2019Arc<\/td><td class=\"has-text-align-center\" data-align=\"center\">Mercredi<\/td><td class=\"has-text-align-center\" data-align=\"center\">16h30-18h30 <br>15h00-17h00<\/td><td class=\"has-text-align-center\" data-align=\"center\">Kerustum <br>Creac\u2019h Gwen<\/td><\/tr><tr><td class=\"has-text-align-center\" data-align=\"center\">&nbsp;&nbsp; Handisport \/ <br>Sport Adapt\u00e9<\/td><td class=\"has-text-align-center\" data-align=\"center\">Mercredi<\/td><td class=\"has-text-align-center\" data-align=\"center\">18h30-20h00<br>18h00-19h30<\/td><td class=\"has-text-align-center\" data-align=\"center\">Kerustum<br>Creac\u2019h Gwen<\/td><\/tr><tr><td class=\"has-text-align-center\" data-align=\"center\">&nbsp;&nbsp; Entrainement Tir Nature<\/td><td class=\"has-text-align-center\" data-align=\"center\">Lundi<\/td><td class=\"has-text-align-center\" data-align=\"center\">19h00-21h00<\/td><td class=\"has-text-align-center\" data-align=\"center\">Kerustum <br>Creac\u2019h Gwen<\/td><\/tr><tr><td class=\"has-text-align-center\" data-align=\"center\">&nbsp;&nbsp; Entrainement Tir Dirig\u00e9<\/td><td class=\"has-text-align-center\" data-align=\"center\">Mardi<\/td><td class=\"has-text-align-center\" data-align=\"center\">18h00-20h00<\/td><td class=\"has-text-align-center\" data-align=\"center\">Kerustum <br>Creac\u2019h Gwen<\/td><\/tr><tr><td class=\"has-text-align-center\" data-align=\"center\">&nbsp;&nbsp; Entrainement Libre<\/td><td class=\"has-text-align-center\" data-align=\"center\">Jeudi<\/td><td class=\"has-text-align-center\" data-align=\"center\">18h00-20h00<\/td><td class=\"has-text-align-center\" data-align=\"center\">Kerustum <br>Creac\u2019h Gwen<\/td><\/tr><tr><td class=\"has-text-align-center\" data-align=\"center\">&nbsp;&nbsp; Entrainement Comp\u00e9titeurs<\/td><td class=\"has-text-align-center\" data-align=\"center\">Vendredi<\/td><td class=\"has-text-align-center\" data-align=\"center\">18h00-20h00<\/td><td class=\"has-text-align-center\" data-align=\"center\">Kerustum <br>Creac\u2019h Gwen<\/td><\/tr><tr><td class=\"has-text-align-center\" data-align=\"center\">&nbsp;&nbsp; Entrainement Nature \/ 3D<\/td><td class=\"has-text-align-center\" data-align=\"center\">Samedi<\/td><td class=\"has-text-align-center\" data-align=\"center\">&nbsp;<\/td><td class=\"has-text-align-center\" data-align=\"center\">St Alouarn<\/td><\/tr><\/tbody><\/table><\/figure>\n\n\n\n<ol class=\"wp-block-list\" start=\"6\">\n<li><strong>ENTRAINEMENT ST ALOUARN&nbsp;:<\/strong><\/li>\n<\/ol>\n\n\n\n<p>Les entra\u00eenements sur le site de St Alouarn \u00e0 Guengat se feront conform\u00e9ment aux clauses pr\u00e9vues par la convention sign\u00e9e entre la Ville de Quimper et la Compagnie des Archers de l\u2019Odet.<\/p>\n\n\n\n<p>Cette convention sera mise \u00e0 disposition des archers qui souhaiteront s\u2019entra\u00eener sur ce site<\/p>\n\n\n\n<ol class=\"wp-block-list\" start=\"7\">\n<li><strong>ECOLE D\u2019ARC&nbsp;:<\/strong><\/li>\n<\/ol>\n\n\n\n<p>Elle commencera d\u00e9but octobre et se terminera fin juin.<\/p>\n\n\n\n<p>Les t\u00e9l\u00e9phones portables seront ramass\u00e9s en d\u00e9but et redonn\u00e9s en fin de s\u00e9ance afin de ne pas troubler le bon d\u00e9roulement de l\u2019entra\u00eenement.<\/p>\n\n\n\n<p>Les encadrants sont les seuls \u00e0 pouvoir autoriser le d\u00e9but des tirs et permettre \u00e0 un jeune archer de quitter le lieu d\u2019entra\u00eenement. Ils d\u00e9cident du contenu de la s\u00e9ance et font respecter les r\u00e8gles \u00e9l\u00e9mentaires de la pratique du tir \u00e0 l\u2019arc (s\u00e9curit\u00e9, courtoisie, humilit\u00e9, respect des autres archers, respect du mat\u00e9riel pr\u00eat\u00e9 \u2026).<\/p>\n\n\n\n<p>En cas de manquement \u00e0 ces r\u00e8gles ils peuvent exclure temporairement un jeune archer.<\/p>\n\n\n\n<p>Les jeunes archers ne pouvant venir \u00e0 une s\u00e9ance d\u2019entra\u00eenement devront pr\u00e9venir la veille.<\/p>\n\n\n\n<p>Une rencontre entre les parents et les entra\u00eeneurs est souhait\u00e9e tous les deux mois minimum.<\/p>\n\n\n\n<ol class=\"wp-block-list\" start=\"8\">\n<li><strong>RESPONSABILITE DES ENFANTS MINEURS&nbsp;:<\/strong><\/li>\n<\/ol>\n\n\n\n<p>Durant l\u2019initiation et l\u2019Ecole d\u2019Arc, le club n\u2019exerce sa responsabilit\u00e9 que pendant les horaires fix\u00e9s pour l\u2019entra\u00eenement<\/p>\n\n\n\n<p><strong>Les parents et accompagnateurs doivent s\u2019assurer de la pr\u00e9sence de ses entra\u00eeneurs avant de d\u00e9poser leurs enfants au club.<\/strong><\/p>\n\n\n\n<p><strong>Les parents ou une tierce personne habilit\u00e9e par procuration doivent \u00eatre pr\u00e9sents \u00e0 la fin de la s\u00e9ance pour reprendre en charge leurs enfants \u00e0 l\u2019heure pr\u00e9cise<\/strong>. <\/p>\n\n\n\n<p>Le club d\u00e9cline toute responsabilit\u00e9 au-del\u00e0 de la fin de l\u2019horaire l\u00e9gal de l\u2019initiation ou de l\u2019Ecole d\u2019Arc. Si pour une raison quelconque l\u2019archer mineur devait s\u2019absenter avant la fin des horaires d\u2019entra\u00eenement, il devra fournir une autorisation parentale manuscrite.<\/p>\n\n\n\n<p>Les archers mineurs ne peuvent pratiquer le tir \u00e0 l\u2019arc que pendant les p\u00e9riodes d\u2019entra\u00eenement et en pr\u00e9sence d\u2019archers confirm\u00e9s.<\/p>\n\n\n\n<ol class=\"wp-block-list\" start=\"9\">\n<li><strong>LES PARENTS ET ACCOMPAGNATEURS&nbsp;:<\/strong><\/li>\n<\/ol>\n\n\n\n<p>Ils peuvent \u00e9ventuellement s\u00e9journer sur les lieux d\u2019initiations et d\u2019entra\u00eenements, mais en aucun cas stationner ou circuler sur les pas de tir ou l&rsquo;espace de tir, ni intervenir durant les s\u00e9ances.<\/p>\n\n\n\n<ol class=\"wp-block-list\" start=\"10\">\n<li><strong>COMPETITION&nbsp;:<\/strong><\/li>\n<\/ol>\n\n\n\n<p>Pour participer \u00e0 une comp\u00e9tition, les mineurs et leurs parents doivent avoir obtenu au pr\u00e9alable l\u2019accord du \u00ab&nbsp;responsable jeune&nbsp;\u00bb. Les inscriptions aux comp\u00e9titions se font par l\u2019interm\u00e9diaire du responsable de la discipline. Le transport des jeunes est du domaine et de la responsabilit\u00e9 des parents s\u2019il n\u2019y a pas d\u2019accompagnateur du club. Une autorisation parentale devra obligatoirement \u00eatre fournie lors de l\u2019inscription.<\/p>\n\n\n\n<p>Les participants aux comp\u00e9titions sont couverts par l\u2019assurance FFTA lors des trajets et des participations aux comp\u00e9titions.<\/p>\n\n\n\n<p>Les frais d&rsquo;inscription aux concours sont \u00e0 la charge des archers jusqu&rsquo;au championnat D\u00e9partemental.<\/p>\n\n\n\n<ol class=\"wp-block-list\" start=\"11\">\n<li><strong>DROIT A L\u2019IMAGE&nbsp;:<\/strong><\/li>\n<\/ol>\n\n\n\n<p>Sauf avis contraire, par \u00e9crit, le droit \u00e0 l\u2019image est acquis d\u2019office.<\/p>\n\n\n\n<ol class=\"wp-block-list\" start=\"12\">\n<li><strong>LE PRET D\u2019ARC ET DU PETIT MATERIEL&nbsp;:<\/strong><\/li>\n<\/ol>\n\n\n\n<p>Un arc adapt\u00e9 \u00e0 l\u2019archer (adulte ou jeune) sera pr\u00eat\u00e9 la 1\u00e8re ann\u00e9e suite \u00e0 un stage d\u2019initiation (ainsi que tout le petit mat\u00e9riel pour l\u2019\u00e9cole d\u2019arc).<\/p>\n\n\n\n<p>L\u2019ann\u00e9e suivante, l\u2019archer qui sort de l\u2019\u00e9cole d\u2019arc se verra pr\u00eater un arc mais devra acheter tout le petit mat\u00e9riel (carquois, sacoche, prot\u00e8ge doigts, prot\u00e8ge bras, 6 fl\u00e8ches minimum etc.\u2026)<\/p>\n\n\n\n<p>Les adultes devront d\u00e8s la premi\u00e8re ann\u00e9e acqu\u00e9rir le petit mat\u00e9riel (carquois, sacoche, prot\u00e8ge doigts, prot\u00e8ge bras, 6 fl\u00e8ches minimum etc.\u2026) et d\u00e8s la seconde ann\u00e9e acqu\u00e9rir un arc.<\/p>\n\n\n\n<ol class=\"wp-block-list\" start=\"13\">\n<li><strong>ACCEPTATION&nbsp;:<\/strong><\/li>\n<\/ol>\n\n\n\n<p>Lors de l\u2019inscription les nouveaux archers devront signer un document d\u2019acceptation du r\u00e8glement int\u00e9rieur attestant ainsi qu\u2019ils en ont pris connaissance.<\/p>\n\n\n\n<p>Pour les archers mineurs, les parents ou responsables devront signer le document en leur lieu et place.<\/p>\n\n\n\n<ol class=\"wp-block-list\" start=\"14\">\n<li><strong>FRAIS DE PARTICIPATION AUX COMPETITIONS&nbsp;:<\/strong><\/li>\n<\/ol>\n\n\n\n<p>Les frais d\u2019inscriptions aux concours D\u00e9partementaux, R\u00e9gionaux et Championnats de France seront pris en charge par le club sous certaines conditions de covoiturage.<\/p>\n\n\n\n<p>Les frais d\u2019h\u00e9bergement ne seront rembours\u00e9s qu\u2019\u00e0 partir de 150 km.<\/p>\n\n\n\n<p>Pour un d\u00e9placement au Championnat de France, le budget sera d\u00e9cid\u00e9 en r\u00e9union de bureau.<\/p>\n\n\n\n<p><strong>La tenue de club est obligatoire, toute la dur\u00e9e du concours, pour pr\u00e9tendre au remboursement des frais de d\u00e9placements aux Championnats D\u00e9partementaux, R\u00e9gionaux et France.<\/strong><\/p>\n\n\n\n<p><strong>Selon les conditions m\u00e9t\u00e9orologiques, il est tol\u00e9r\u00e9 de porter un pantalon diff\u00e9rent de la tenue de club pendant la phase du concours.<\/strong><\/p>\n\n\n\n<p>Septembre 2023.<\/p>\n","protected":false},"excerpt":{"rendered":"<p>Tous les archers pratiquants doivent \u00eatre en possession d\u2019une licence FFTA en cours de validit\u00e9 et \u00eatre \u00e0 jour de leur cotisation. Les archers non licenci\u00e9s au club souhaitant pouvoir utiliser les installations de tir devront s\u2019acquitter d&rsquo;un droit de paille d&rsquo;un montant de 50 euros. Pour les d\u00e9butants, les [&hellip;]<\/p>\n","protected":false},"author":1,"featured_media":0,"parent":0,"menu_order":0,"comment_status":"closed","ping_status":"closed","template":"","meta":{"footnotes":""},"class_list":["post-131","page","type-page","status-publish","hentry"],"_links":{"self":[{"href":"https:\/\/archers-odet.com\/WordPress-AO\/wp-json\/wp\/v2\/pages\/131","targetHints":{"allow":["GET"]}}],"collection":[{"href":"https:\/\/archers-odet.com\/WordPress-AO\/wp-json\/wp\/v2\/pages"}],"about":[{"href":"https:\/\/archers-odet.com\/WordPress-AO\/wp-json\/wp\/v2\/types\/page"}],"author":[{"embeddable":true,"href":"https:\/\/archers-odet.com\/WordPress-AO\/wp-json\/wp\/v2\/users\/1"}],"replies":[{"embeddable":true,"href":"https:\/\/archers-odet.com\/WordPress-AO\/wp-json\/wp\/v2\/comments?post=131"}],"version-history":[{"count":40,"href":"https:\/\/archers-odet.com\/WordPress-AO\/wp-json\/wp\/v2\/pages\/131\/revisions"}],"predecessor-version":[{"id":6770,"href":"https:\/\/archers-odet.com\/WordPress-AO\/wp-json\/wp\/v2\/pages\/131\/revisions\/6770"}],"wp:attachment":[{"href":"https:\/\/archers-odet.com\/WordPress-AO\/wp-json\/wp\/v2\/media?parent=131"}],"curies":[{"name":"wp","href":"https:\/\/api.w.org\/{rel}","templated":true}]}}