{"id":4341,"date":"2020-05-01T16:00:31","date_gmt":"2020-05-01T14:00:31","guid":{"rendered":"http:\/\/archers-odet.com\/WordPress-AO\/?page_id=4341"},"modified":"2023-08-19T21:57:33","modified_gmt":"2023-08-19T19:57:33","slug":"infrastructures","status":"publish","type":"page","link":"https:\/\/archers-odet.com\/WordPress-AO\/infrastructures\/","title":{"rendered":"Infrastructures"},"content":{"rendered":"\n<h3 class=\"has-text-align-center has-header-gradient-color has-text-color wp-block-heading\">3 lieux d&rsquo;entra\u00eenements :<\/h3>\n\n\n\n<div class=\"wp-block-group\"><div class=\"wp-block-group__inner-container is-layout-flow wp-block-group-is-layout-flow\">\n<p class=\"has-text-align-center\">Pour permettre la pratique de toutes les disciplines en toutes saisons !<\/p>\n<\/div><\/div>\n\n\n\n<p><\/p>\n\n\n<h4><span style=\"color: #0000ff;\"><a href=\"https:\/\/www.google.com\/maps\/place\/Les+archers+de+l'Odet\/@47.9730029,-4.0945954,17.23z\/data=!4m5!3m4!1s0x0:0xba68bd528e3cf8ae!8m2!3d47.9727253!4d-4.0971145\" target=\"_blank\" rel=\"noopener noreferrer\" style=\"color: #0000ff;\"><strong data-rich-text-format-boundary=\"true\">Le pas de tir Andr\u00e9 Civray et le local<\/strong><\/a><\/span><\/h4>\n<p>131 boulevard de Creac&rsquo;h Gwen \u00e0 Quimper<\/p>\n\n<div class=\"wp-block-image\">\n<figure class=\"aligncenter size-large is-resized\"><img decoding=\"async\" src=\"https:\/\/archers-odet.com\/WordPress-AO\/wp-content\/uploads\/2022\/09\/DSC7457-1024x683.jpg\" alt=\"\" class=\"wp-image-6621\" width=\"-2\" height=\"-1\" srcset=\"https:\/\/archers-odet.com\/WordPress-AO\/wp-content\/uploads\/2022\/09\/DSC7457-1024x683.jpg 1024w, https:\/\/archers-odet.com\/WordPress-AO\/wp-content\/uploads\/2022\/09\/DSC7457-300x200.jpg 300w, https:\/\/archers-odet.com\/WordPress-AO\/wp-content\/uploads\/2022\/09\/DSC7457-150x100.jpg 150w, https:\/\/archers-odet.com\/WordPress-AO\/wp-content\/uploads\/2022\/09\/DSC7457-768x512.jpg 768w\" sizes=\"(max-width: 1024px) 100vw, 1024px\" \/><\/figure>\n<\/div>\n\n\n<figure class=\"wp-block-image size-large\"><img loading=\"lazy\" decoding=\"async\" width=\"1024\" height=\"683\" src=\"https:\/\/archers-odet.com\/WordPress-AO\/wp-content\/uploads\/2022\/09\/DSC7449-1024x683.jpg\" alt=\"\" class=\"wp-image-6623\" srcset=\"https:\/\/archers-odet.com\/WordPress-AO\/wp-content\/uploads\/2022\/09\/DSC7449-1024x683.jpg 1024w, https:\/\/archers-odet.com\/WordPress-AO\/wp-content\/uploads\/2022\/09\/DSC7449-300x200.jpg 300w, https:\/\/archers-odet.com\/WordPress-AO\/wp-content\/uploads\/2022\/09\/DSC7449-150x100.jpg 150w, https:\/\/archers-odet.com\/WordPress-AO\/wp-content\/uploads\/2022\/09\/DSC7449-768x512.jpg 768w\" sizes=\"auto, (max-width: 1024px) 100vw, 1024px\" \/><figcaption class=\"wp-element-caption\">12 cibles qui permettent de tirer de 20 \u00e0 90 m\u00e8tres.<\/figcaption><\/figure>\n\n\n<h4><a href=\"https:\/\/www.google.com\/maps\/place\/56+Avenue+de+Remscheid,+29000+Quimper\/@47.9815235,-4.0974233,17z\/data=!3m1!4b1!4m5!3m4!1s0x4810d5c741c56c29:0xd11262c01e1c3ac0!8m2!3d47.9815235!4d-4.0952346\" target=\"_blank\" rel=\"noopener noreferrer\"><span style=\"color: #0000ff;\"><strong data-rich-text-format-boundary=\"true\">La salle de sport du Lyc\u00e9e Kerustum<\/strong><\/span><\/a><\/h4>\n\n\n<p><\/p>\n\n\n\n<div class=\"wp-block-group\"><div class=\"wp-block-group__inner-container is-layout-flow wp-block-group-is-layout-flow\">\n<div class=\"wp-block-group\"><div class=\"wp-block-group__inner-container is-layout-flow wp-block-group-is-layout-flow\">\n<div class=\"wp-block-group\"><div class=\"wp-block-group__inner-container is-layout-flow wp-block-group-is-layout-flow\"><\/div><\/div>\n<\/div><\/div>\n\n\n\n<p>56 avenue de Remscheid \u00e0 Quimper<\/p>\n\n\n\n<p>Un mur de tir de 20 m\u00e8tres permettant de tirer jusqu&rsquo;\u00e0 18 m\u00e8tres.<\/p>\n<\/div><\/div>\n\n\n<div class=\"wp-block-image is-style-default\">\n<figure class=\"aligncenter size-large\"><img loading=\"lazy\" decoding=\"async\" width=\"1024\" height=\"576\" src=\"https:\/\/archers-odet.com\/WordPress-AO\/wp-content\/uploads\/2020\/05\/DSCF8085-1-1024x576.jpg\" alt=\"\" class=\"wp-image-4516\" srcset=\"https:\/\/archers-odet.com\/WordPress-AO\/wp-content\/uploads\/2020\/05\/DSCF8085-1-1024x576.jpg 1024w, https:\/\/archers-odet.com\/WordPress-AO\/wp-content\/uploads\/2020\/05\/DSCF8085-1-300x169.jpg 300w, https:\/\/archers-odet.com\/WordPress-AO\/wp-content\/uploads\/2020\/05\/DSCF8085-1-768x432.jpg 768w, https:\/\/archers-odet.com\/WordPress-AO\/wp-content\/uploads\/2020\/05\/DSCF8085-1-1536x864.jpg 1536w, https:\/\/archers-odet.com\/WordPress-AO\/wp-content\/uploads\/2020\/05\/DSCF8085-1-2048x1152.jpg 2048w\" sizes=\"auto, (max-width: 1024px) 100vw, 1024px\" \/><\/figure>\n<\/div>\n\n\n<p><\/p>\n\n\n<div class=\"wp-block-image\">\n<figure class=\"aligncenter size-large\"><img loading=\"lazy\" decoding=\"async\" width=\"1024\" height=\"576\" src=\"https:\/\/archers-odet.com\/WordPress-AO\/wp-content\/uploads\/2020\/05\/DSCF8098-1024x576.jpg\" alt=\"\" class=\"wp-image-4526\" srcset=\"https:\/\/archers-odet.com\/WordPress-AO\/wp-content\/uploads\/2020\/05\/DSCF8098-1024x576.jpg 1024w, https:\/\/archers-odet.com\/WordPress-AO\/wp-content\/uploads\/2020\/05\/DSCF8098-300x169.jpg 300w, https:\/\/archers-odet.com\/WordPress-AO\/wp-content\/uploads\/2020\/05\/DSCF8098-768x432.jpg 768w, https:\/\/archers-odet.com\/WordPress-AO\/wp-content\/uploads\/2020\/05\/DSCF8098-1536x864.jpg 1536w, https:\/\/archers-odet.com\/WordPress-AO\/wp-content\/uploads\/2020\/05\/DSCF8098-2048x1152.jpg 2048w\" sizes=\"auto, (max-width: 1024px) 100vw, 1024px\" \/><\/figure>\n<\/div>\n\n\n<p><\/p>\n\n\n<h4><a href=\"https:\/\/www.google.com\/maps\/place\/Bois+de+Saint+Alouarn\/@48.0352788,-4.1667418,15z\/data=!4m5!3m4!1s0x0:0x5bb18123be9bd3da!8m2!3d48.0352788!4d-4.1667418\" target=\"_blank\" rel=\"noopener noreferrer\"><span style=\"color: #0000ff;\"><strong data-rich-text-format-boundary=\"true\">Le bois de Saint Alouarn<\/strong><\/span><\/a><\/h4>\n\n\n<p>163 Tal Ar C Hoat \u00e0 Guengat<\/p>\n\n\n\n<p>Un bois permettant de faire des parcours 3D, Nature et Campagne<\/p>\n\n\n<div class=\"wp-block-image\">\n<figure class=\"aligncenter\"><img decoding=\"async\" src=\"https:\/\/lh3.googleusercontent.com\/pw\/ACtC-3fLSCSOVXF9ghrqs25T68sp9GQXsQTUo0KDfNfEJZo5cYdBk-VcgOLDKjLuUBOnWlYVmaY8EaINOmd7eTedsN0OGN5NyN5QtU6F8LJZH1SvvI-EYuC5q2mvA4NgZWL94RMx9LdcW_k-0bxBrLilk2ED=w2826-h1884-no?authuser=0\" alt=\"\"\/><figcaption class=\"wp-element-caption\">Organisation des concours 3D<\/figcaption><\/figure>\n<\/div>\n\n\n<figure class=\"wp-block-image size-large is-style-default\"><img loading=\"lazy\" decoding=\"async\" width=\"960\" height=\"359\" src=\"https:\/\/archers-odet.com\/WordPress-AO\/wp-content\/uploads\/2020\/08\/header15.jpg\" alt=\"\" class=\"wp-image-5428\" srcset=\"https:\/\/archers-odet.com\/WordPress-AO\/wp-content\/uploads\/2020\/08\/header15.jpg 960w, https:\/\/archers-odet.com\/WordPress-AO\/wp-content\/uploads\/2020\/08\/header15-300x112.jpg 300w, https:\/\/archers-odet.com\/WordPress-AO\/wp-content\/uploads\/2020\/08\/header15-768x287.jpg 768w\" sizes=\"auto, (max-width: 960px) 100vw, 960px\" \/><\/figure>\n","protected":false},"excerpt":{"rendered":"<p>3 lieux d&rsquo;entra\u00eenements : Pour permettre la pratique de toutes les disciplines en toutes saisons ! Le pas de tir Andr\u00e9 Civray et le local 131 boulevard de Creac&rsquo;h Gwen \u00e0 Quimper La salle de sport du Lyc\u00e9e Kerustum 56 avenue de Remscheid \u00e0 Quimper Un mur de tir de [&hellip;]<\/p>\n","protected":false},"author":1,"featured_media":0,"parent":0,"menu_order":2,"comment_status":"closed","ping_status":"closed","template":"","meta":{"footnotes":""},"class_list":["post-4341","page","type-page","status-publish","hentry"],"_links":{"self":[{"href":"https:\/\/archers-odet.com\/WordPress-AO\/wp-json\/wp\/v2\/pages\/4341","targetHints":{"allow":["GET"]}}],"collection":[{"href":"https:\/\/archers-odet.com\/WordPress-AO\/wp-json\/wp\/v2\/pages"}],"about":[{"href":"https:\/\/archers-odet.com\/WordPress-AO\/wp-json\/wp\/v2\/types\/page"}],"author":[{"embeddable":true,"href":"https:\/\/archers-odet.com\/WordPress-AO\/wp-json\/wp\/v2\/users\/1"}],"replies":[{"embeddable":true,"href":"https:\/\/archers-odet.com\/WordPress-AO\/wp-json\/wp\/v2\/comments?post=4341"}],"version-history":[{"count":35,"href":"https:\/\/archers-odet.com\/WordPress-AO\/wp-json\/wp\/v2\/pages\/4341\/revisions"}],"predecessor-version":[{"id":6722,"href":"https:\/\/archers-odet.com\/WordPress-AO\/wp-json\/wp\/v2\/pages\/4341\/revisions\/6722"}],"wp:attachment":[{"href":"https:\/\/archers-odet.com\/WordPress-AO\/wp-json\/wp\/v2\/media?parent=4341"}],"curies":[{"name":"wp","href":"https:\/\/api.w.org\/{rel}","templated":true}]}}