{"id":4556,"date":"2020-05-08T18:07:03","date_gmt":"2020-05-08T16:07:03","guid":{"rendered":"http:\/\/archers-odet.com\/WordPress-AO\/?page_id=4556"},"modified":"2025-09-01T11:22:21","modified_gmt":"2025-09-01T09:22:21","slug":"stage-dinitiation","status":"publish","type":"page","link":"https:\/\/archers-odet.com\/WordPress-AO\/stage-dinitiation\/","title":{"rendered":"Stage d&rsquo;initiation"},"content":{"rendered":"\n<p>Pour les d\u00e9butants, inscription\u00a0<strong>OBLIGATOIRE<\/strong>\u00a0lors du forum des associations : (1er samedi du mois de septembre), pour un\u00a0<a href=\"https:\/\/archers-odet.com\/WordPress-AO\/?page_id=4556\">stage d\u2019initiation<\/a>\u00a0de 4h30 en 3 s\u00e9ances avant adh\u00e9sion \u00e0 l\u2019ann\u00e9e.\u00a0<strong>Places limit\u00e9es \u00e0 20 personnes.<\/strong><\/p>\n\n\n\n<p>D\u00e9couvrez la magie du tir \u00e0 l&rsquo;arc \u00e0 travers un stage d&rsquo;initiation de 4h30 en 3 s\u00e9ances, avant de vous engager pour une ann\u00e9e sportive avec licence.<\/p>\n\n\n\n<p>Vous y apprendrez l&rsquo;esprit du tir \u00e0 l&rsquo;arc, les r\u00e8gles de s\u00e9curit\u00e9 et les diff\u00e9rentes techniques et disciplines.<\/p>\n\n\n\n<ul class=\"wp-block-list\">\n<li>condition : \u00eatre ag\u00e9 de 11 ans au cours de l&rsquo;ann\u00e9e sportive.<\/li>\n\n\n\n<li>lieu : pas de tir de Creac&rsquo;h Gwen<\/li>\n\n\n\n<li>dates et heures : les lundis, mercredis et vendredis de 18h30 \u00e0 20h.<\/li>\n<\/ul>\n\n\n\n<p class=\"has-header-gradient-color has-text-color\"><strong>Les dates des<\/strong> <strong>Stages : <\/strong><\/p>\n\n\n\n<p>Lundi 8, mercredi 10 et vendredi 12  septembre 2025<\/p>\n\n\n\n<p>Co\u00fbt : 40 euros (arc et petit mat\u00e9riel fournis)<\/p>\n\n\n\n<h4 class=\"wp-block-heading has-text-align-center has-black-color has-text-color has-large-font-size\"><mark style=\"background-color:rgba(0, 0, 0, 0)\" class=\"has-inline-color has-header-gradient-color\">Inscription le 6 septembre <\/mark>2025<\/h4>\n\n\n\n<div class=\"wp-block-group\"><div class=\"wp-block-group__inner-container is-layout-flow wp-block-group-is-layout-flow\">\n<h5 class=\"wp-block-heading has-text-align-center has-header-gradient-color has-text-color\"><mark style=\"background-color:rgba(0, 0, 0, 0)\" class=\"has-inline-color has-header-gradient-color\">lors du forum des associations au Parc des Expositions<\/mark><\/h5>\n<\/div><\/div>\n\n\n\n<p><\/p>\n","protected":false},"excerpt":{"rendered":"<p>Pour les d\u00e9butants, inscription\u00a0OBLIGATOIRE\u00a0lors du forum des associations : (1er samedi du mois de septembre), pour un\u00a0stage d\u2019initiation\u00a0de 4h30 en 3 s\u00e9ances avant adh\u00e9sion \u00e0 l\u2019ann\u00e9e.\u00a0Places limit\u00e9es \u00e0 20 personnes. D\u00e9couvrez la magie du tir \u00e0 l&rsquo;arc \u00e0 travers un stage d&rsquo;initiation de 4h30 en 3 s\u00e9ances, avant de vous [&hellip;]<\/p>\n","protected":false},"author":1,"featured_media":0,"parent":0,"menu_order":0,"comment_status":"closed","ping_status":"closed","template":"","meta":{"footnotes":""},"class_list":["post-4556","page","type-page","status-publish","hentry"],"_links":{"self":[{"href":"https:\/\/archers-odet.com\/WordPress-AO\/wp-json\/wp\/v2\/pages\/4556","targetHints":{"allow":["GET"]}}],"collection":[{"href":"https:\/\/archers-odet.com\/WordPress-AO\/wp-json\/wp\/v2\/pages"}],"about":[{"href":"https:\/\/archers-odet.com\/WordPress-AO\/wp-json\/wp\/v2\/types\/page"}],"author":[{"embeddable":true,"href":"https:\/\/archers-odet.com\/WordPress-AO\/wp-json\/wp\/v2\/users\/1"}],"replies":[{"embeddable":true,"href":"https:\/\/archers-odet.com\/WordPress-AO\/wp-json\/wp\/v2\/comments?post=4556"}],"version-history":[{"count":37,"href":"https:\/\/archers-odet.com\/WordPress-AO\/wp-json\/wp\/v2\/pages\/4556\/revisions"}],"predecessor-version":[{"id":7299,"href":"https:\/\/archers-odet.com\/WordPress-AO\/wp-json\/wp\/v2\/pages\/4556\/revisions\/7299"}],"wp:attachment":[{"href":"https:\/\/archers-odet.com\/WordPress-AO\/wp-json\/wp\/v2\/media?parent=4556"}],"curies":[{"name":"wp","href":"https:\/\/api.w.org\/{rel}","templated":true}]}}