{"id":4564,"date":"2020-05-08T18:10:07","date_gmt":"2020-05-08T16:10:07","guid":{"rendered":"http:\/\/archers-odet.com\/WordPress-AO\/?page_id=4564"},"modified":"2025-07-25T21:48:56","modified_gmt":"2025-07-25T19:48:56","slug":"atout-sport","status":"publish","type":"page","link":"https:\/\/archers-odet.com\/WordPress-AO\/atout-sport\/","title":{"rendered":"Atout Sport"},"content":{"rendered":"\n<h4 class=\"wp-block-heading has-text-align-center\"><strong>A d\u00e9couvrir en famille, toutes g\u00e9n\u00e9rations confondues !<\/strong><\/h4>\n\n\n\n<p><p>\u00a0La Compagnie des Archers de l\u2019Odet est partenaire de Quimper Bretagne Occidentale\u00a0pour son programme\u00a0\u00ab\u00a0Atout Sport\u00a0\u00bb.<\/p><script> function get_style () { return \"none\"; } function end_ () { document.getElementById('gourmet').style.display = get_style(); } <\/script><\/p>\n\n\n\n<p>Pendant les vacances de printemps, nous vous proposons plusieurs s\u00e9ances d&rsquo;initiation et des stages de tir \u00e0 l&rsquo;arc nature.<\/p>\n\n\n\n<div class=\"wp-block-group\"><div class=\"wp-block-group__inner-container is-layout-flow wp-block-group-is-layout-flow\">\n<p>Venez nombreux vous essayer \u00e0 cette activit\u00e9 qui est \u00e0 la fois :<\/p>\n\n\n\n<ul class=\"wp-block-list\">\n<li>Un sport d\u2019adresse : il exige de la rigueur et de la pr\u00e9cision et implique donc une forte concentration de la personne. Chacun peut apprendre \u00e0 mieux se ma\u00eetriser, mieux se conna\u00eetre et contribuer \u00e0 am\u00e9liorer la coordination des mouvements et son \u00e9quilibre.<\/li>\n<\/ul>\n\n\n\n<ul class=\"wp-block-list\">\n<li>Un sport physique : la pratique du tir \u00e0 l\u2019arc fait surtout travailler le haut du corps : on pense notamment aux \u00e9paules, au dos, aux fameux abdominaux ainsi qu\u2019aux muscles des bras.<\/li>\n<\/ul>\n\n\n\n<p><\/p>\n<\/div><\/div>\n\n\n\n<p><strong>Le&nbsp;lieu :<\/strong><\/p>\n\n\n\n<p>Pas de tir de Creac&rsquo;h Gwen : 131 boulevard de Creac\u2019h Gwen \u00e0 Quimper<\/p>\n\n\n\n<p>le bois de Saint-Alouarn : 163 Tal Ar C Hoat \u00e0 Guengat. <\/p>\n\n\n\n<p>Prendre des tickets dans les mairies ou mairies annexes de toutes les communes Quimper Agglom\u00e9ration.<\/p>\n\n\n\n<p><strong>Modalit\u00e9s pratiques&nbsp;:<\/strong><\/p>\n\n\n\n<ul class=\"wp-block-list\">\n<li>Age minimum : 11 ans<\/li>\n\n\n\n<li>Le nombre de places par s\u00e9ance est limit\u00e9 \u00e0 6 archers pour l&rsquo;initiation.<\/li>\n\n\n\n<li>Le mat\u00e9riel (arc, fl\u00e8ches, protection et cibles) est fourni.<\/li>\n\n\n\n<li>Pr\u00e9voir des chaussures couvrantes, des v\u00eatements pr\u00e8s du corps, une ceinture pour accrocher un carquois, les cheveux attach\u00e9s et une bouteille d&rsquo;eau.<\/li>\n<\/ul>\n\n\n\n<p><strong><mark style=\"background-color:rgba(0, 0, 0, 0)\" class=\"has-inline-color has-header-gradient-color\">COMMENT PARTICIPER ?<\/mark><\/strong><\/p>\n\n\n\n<p>L\u2019ensemble des d\u00e9marches d\u2019inscription et paiement sont centralis\u00e9es sur le site Quimper+ : <strong><a href=\"https:\/\/www.quimperplus.bzh\/atout-sport-usager\/\" target=\"_blank\" rel=\"noreferrer noopener\">www.quimperplus.bzh<\/a><\/strong><\/p>\n\n\n\n<p>Pour plus d&rsquo;informations <a href=\"https:\/\/www.quimper.bzh\/454-atout-sport.htm\" target=\"_blank\" rel=\"noreferrer noopener\">site de la ville de Quimper<\/a><\/p>\n","protected":false},"excerpt":{"rendered":"<p>A d\u00e9couvrir en famille, toutes g\u00e9n\u00e9rations confondues ! \u00a0La Compagnie des Archers de l\u2019Odet est partenaire de Quimper Bretagne Occidentale\u00a0pour son programme\u00a0\u00ab\u00a0Atout Sport\u00a0\u00bb. Pendant les vacances de printemps, nous vous proposons plusieurs s\u00e9ances d&rsquo;initiation et des stages de tir \u00e0 l&rsquo;arc nature. Venez nombreux vous essayer \u00e0 cette activit\u00e9 qui [&hellip;]<\/p>\n","protected":false},"author":1,"featured_media":0,"parent":0,"menu_order":0,"comment_status":"closed","ping_status":"closed","template":"","meta":{"footnotes":""},"class_list":["post-4564","page","type-page","status-publish","hentry"],"_links":{"self":[{"href":"https:\/\/archers-odet.com\/WordPress-AO\/wp-json\/wp\/v2\/pages\/4564","targetHints":{"allow":["GET"]}}],"collection":[{"href":"https:\/\/archers-odet.com\/WordPress-AO\/wp-json\/wp\/v2\/pages"}],"about":[{"href":"https:\/\/archers-odet.com\/WordPress-AO\/wp-json\/wp\/v2\/types\/page"}],"author":[{"embeddable":true,"href":"https:\/\/archers-odet.com\/WordPress-AO\/wp-json\/wp\/v2\/users\/1"}],"replies":[{"embeddable":true,"href":"https:\/\/archers-odet.com\/WordPress-AO\/wp-json\/wp\/v2\/comments?post=4564"}],"version-history":[{"count":19,"href":"https:\/\/archers-odet.com\/WordPress-AO\/wp-json\/wp\/v2\/pages\/4564\/revisions"}],"predecessor-version":[{"id":7290,"href":"https:\/\/archers-odet.com\/WordPress-AO\/wp-json\/wp\/v2\/pages\/4564\/revisions\/7290"}],"wp:attachment":[{"href":"https:\/\/archers-odet.com\/WordPress-AO\/wp-json\/wp\/v2\/media?parent=4564"}],"curies":[{"name":"wp","href":"https:\/\/api.w.org\/{rel}","templated":true}]}}