{"id":4611,"date":"2020-05-11T19:52:54","date_gmt":"2020-05-11T17:52:54","guid":{"rendered":"http:\/\/archers-odet.com\/WordPress-AO\/?page_id=4611"},"modified":"2022-08-21T14:46:55","modified_gmt":"2022-08-21T12:46:55","slug":"histoire","status":"publish","type":"page","link":"https:\/\/archers-odet.com\/WordPress-AO\/histoire\/","title":{"rendered":"Histoire"},"content":{"rendered":"\n<h5 class=\"has-header-gradient-color has-text-color wp-block-heading\">De l&rsquo;histoire ancienne&#8230;<\/h5>\n\n\n\n<p>Les archives municipales de la Ville de Quimper&nbsp;<a rel=\"noreferrer noopener\" href=\"http:\/\/www.quimper.fr\/1115-un-curieux-privilege-le-jeu-du-papegault.htm&amp;xtmc=archives_archers&amp;xtcr=2\" target=\"_blank\">t\u00e9moignent<\/a>&nbsp;:<\/p>\n\n\n\n<p>En 1495, le roi Charles VIII, \u00e9poux de la duchesse Anne de Bretagne, est le premier roi de France \u00e0 accorder une charte royale \u00e0 la population de Quimper. Cette charte est relative au&nbsp;<a rel=\"noreferrer noopener\" href=\"http:\/\/fr.wikipedia.org\/wiki\/Papegault\" target=\"_blank\">Papegault<\/a>, privil\u00e8ge octroy\u00e9 en Bretagne par les anciens ducs aux populations urbaines, \u00e0 l\u2019\u00e9poque sanglante de la guerre de 100 ans (1337\/1453). Les bourgeois s\u2019entra\u00eenaient alors au tir \u00e0 l&rsquo;arc, pour d\u00e9fendre leur cit\u00e9 des bandes de soldats mercenaires, car l&rsquo;arm\u00e9e ducale ne pouvait prot\u00e9ger toutes les cit\u00e9s bretonnes. <\/p>\n\n\n\n<p class=\"has-text-align-left\">En 1483 (premi\u00e8re lettre ducale connue), Quimper avait le privil\u00e8ge de se d\u00e9fendre ainsi.La guerre de 100 ans \u00e9tait termin\u00e9e, mais les compagnies d&rsquo;arc continuaient \u00e0 s\u2019entra\u00eener, et particuli\u00e8rement, s&rsquo;adonnaient une fois par an au tir du Papegault, le premier archer atteignant l&rsquo;oiseau devenant \u00ab\u00a0roi du Papegault\u00a0\u00bb pour l&rsquo;ann\u00e9e \u00e0 venir. Ce qui lui valait de substantiels privil\u00e8ges, dont des r\u00e9ductions de taxes sur la vente du vin.&nbsp;Le 31 d\u00e9cembre 1768, la paix est restaur\u00e9e, la mar\u00e9chauss\u00e9e veille \u00e0 la s\u00e9curit\u00e9 des cit\u00e9s. Le Papegault n&rsquo;est plus qu&rsquo;un manque \u00e0 gagner en termes d&rsquo;imposition&#8230; Sur d\u00e9lib\u00e9ration des Etats de la province, les Papegaults sont supprim\u00e9s dans toutes les villes de la province de Bretagne, \u00e0 l&rsquo;exception de Saint-Malo. En juillet 1772, la communaut\u00e9 de Ville de Quimper fait abattre le ch\u00eane du Papegault, situ\u00e9 dans la rabine du Penity, au pied du Mont Frugy.&nbsp;Le tir \u00e0 l&rsquo;arc en pays de Quimper est donc une histoire ancienne !&nbsp;<\/p>\n\n\n\n<h5 class=\"has-header-gradient-color has-text-color wp-block-heading\">Aux temps contemporains :<\/h5>\n\n\n\n<p>Mais la Compagnie des Archers de l&rsquo;Odet ne date pas de cette \u00e9poque\u2026<\/p>\n\n\n\n<p>Le 19&nbsp;f\u00e9vrier 1975, d\u00e9claration de l&rsquo;association \u00ab\u00a0TRAIT D\u2019UNION\u00a0\u00bb, premier club de tir \u00e0 l\u2019arc sur Quimper.<\/p>\n\n\n\n<p>Nous n\u2019avons pas, \u00e0 ce jour, d\u2019information sur les fondateurs ni sur les dirigeants du Trait d\u2019Union.<\/p>\n\n\n\n<p>Le 13&nbsp;avril 1982&nbsp;le Trait d\u2019Union change de nom et devient La \u00ab\u00a0Compagnie des Archers de l\u2019Odet\u00a0\u00bb co-fond\u00e9e par Andr\u00e9 Civray et Alfred Coudrin.<\/p>\n\n\n\n<p>Les fondateurs ont rapidement et \u00e9norm\u00e9ment oeuvr\u00e9 pour faire avancer le tir \u00e0 l\u2019arc sur Quimper.<\/p>\n\n\n\n<p>Recherche de locaux pour les entra\u00eenements du tir en salle avec salle d\u2019armes, bureaux et local de rangement pour le mat\u00e9riel.<\/p>\n\n\n\n<p>L\u00e0 est arriv\u00e9 le hall D de Penvillers dans lequel a \u00e9t\u00e9 cr\u00e9\u00e9 le premier mur de tir. Mur de tir pour parti cr\u00e9\u00e9 avec des bottins de t\u00e9l\u00e9phone sur lequel se sont entra\u00een\u00e9s nombres d\u2019archers jusqu\u2019en 2013.<\/p>\n\n\n\n<p>Recherche d\u2019un terrain pour les entra\u00eenements de tir en ext\u00e9rieur : le pas de tir de Cr\u00e9ac\u2019h Gwen sur lequel ont \u00e9t\u00e9 construits les premi\u00e8res butes de tirs de 20, 30, 50, 60, 70 et 90 m\u00e8tres. 90 m\u00e8tres \u00e9tant, \u00e0 l\u2019\u00e9poque, la distance pour les Jeux Olympiques.<\/p>\n\n\n\n<p>Mais ils ne se sont pas arr\u00eat\u00e9s l\u00e0.<\/p>\n\n\n\n<p>Cela ne suffisait pas \u00e0 nos fondateurs qui ont continu\u00e9 leur recherche et r\u00e9ussi \u00e0 trouver un terrain de parcours 3D (tir sur animaux en mousse grandeur nature) et le tir nature (tir sur des cibles animali\u00e8res). Le parcours de Saint Alouarn, sur la commune de Guengat \u00e9tait cr\u00e9\u00e9. Inauguration du terrain et 1er concours parcours \u00e0 <strong>St Alouarn le 30&nbsp;septembre 1990<\/strong>.<\/p>\n\n\n\n<p>Hormis le hall D de Penvillers, d\u00e9moli pour le nouveau parc des expositions, toutes ces installations perdurent encore \u00e0 ce jour et \u00e9voluent pour r\u00e9pondre aux exigences du tir \u00e0 l\u2019arc de maintenant.<\/p>\n\n\n\n<p>Comme il a \u00e9t\u00e9 cit\u00e9 plus haut nous n\u2019avons pas retrouv\u00e9 les noms des dirigeants du Trait d\u2019Union.<\/p>\n\n\n\n<p>Les Pr\u00e9sidents depuis 1982 , date de la cr\u00e9ation de La Compagnie des Archers de l\u2019Odet:<\/p>\n\n\n\n<ul class=\"wp-block-list\"><li>1982 \u00e0 1992 Andr\u00e9 Civray<\/li><li>1992 \u00e0 1997 Bernard Le Guillou<\/li><li>1997 \u00e0 2005 Andr\u00e9 Bl\u00e9no<\/li><li>2005 \u00e0 2007 Eric St\u00e9phano<\/li><li>2007 \u00e0 2011 Jean Pierre Troussey<\/li><li>2011 \u00e0 aujourd&rsquo;hui Maurice Douay<\/li><\/ul>\n\n\n\n<p>Avril 2014&nbsp;la Cie des Archers de l\u2019Odet doit d\u00e9m\u00e9nager du hall D celui-ci devant \u00eatre d\u00e9construit. Grosses difficult\u00e9s pour trouver une nouvelle salle pour les entra\u00eenements en salle.<\/p>\n\n\n\n<p>Les dirigeants se d\u00e9m\u00e8nent et trouvent la salle de sport, aimablement pr\u00eat\u00e9e depuis ce jour, par le lyc\u00e9e K\u00e9rustum. Nous sommes fin juin il faut faire vite pour le d\u00e9but des tirs en salle qui commencent en septembre.<\/p>\n\n\n\n<div class=\"wp-block-group\"><div class=\"wp-block-group__inner-container is-layout-flow wp-block-group-is-layout-flow\">\n<p>Durant le mois d\u2019ao\u00fbt, avec la r\u00e9cup\u00e9ration de mat\u00e9riaux dans le hall D pr\u00e9vu en d\u00e9construction, tous les b\u00e9n\u00e9voles ont \u0153uvr\u00e9 pour construire un mur de tir de 20 m\u00e8tres, et pouvoir reprendre les entra\u00eenements d\u00e9but septembre.<\/p>\n\n\n\n<p class=\"has-black-color has-text-color\"><strong>9&nbsp;septembre 2014, inauguration de la salle de K\u00e9rustum<\/strong> (<a rel=\"noreferrer noopener\" href=\"https:\/\/goo.gl\/photos\/SjuVhPFaRMpfnXYv8\" data-type=\"URL\" data-id=\"https:\/\/goo.gl\/photos\/SjuVhPFaRMpfnXYv8\" target=\"_blank\">en photos<\/a>)<\/p>\n<\/div><\/div>\n\n\n\n<p>Un container, pr\u00eat\u00e9 par la ville de Quimper sert de local pour le mat\u00e9riel et les armes.<\/p>\n\n\n\n<p>Depuis le d\u00e9part du hall D de Penvillers le mat\u00e9riel (cibles pour les concours&#8230;) de la Cie \u00e9tait stock\u00e9 dans des box lou\u00e9s pour l\u2019occasion.<\/p>\n\n\n\n<p>Mais, dans la continuit\u00e9 des fondateurs des ann\u00e9es 80, les dirigeants de la Cie n\u2019ont de cesse que de trouver une solution pour que celle-ci retrouve un local digne de ce nom. Apr\u00e8s bien des ann\u00e9es, un accord est trouv\u00e9 avec la ville de Quimper pour construire un local sur le terrain de Cr\u00e9ac\u2019h Gwen. Mais la ville ne peut engager une somme aussi importante pour cette construction. La solution est vite trouv\u00e9e par les archers de la lign\u00e9e des fondateurs : une subvention donn\u00e9e par la ville de Quimper et la construction r\u00e9alis\u00e9e par les archers b\u00e9n\u00e9voles.<\/p>\n\n\n\n<p>Ainsi fut dit et ainsi fut fait.<\/p>\n\n\n\n<p>La Compagnie des Archers de l\u2019Odet devient locataire du terrain d\u2019entra\u00eenements de Cr\u00e9ac\u2019h Gwen avec un bail emphyt\u00e9otique de 15 ans et peut d\u00e9poser un permis de construire. Une subvention de 90000 euros est allou\u00e9e par la ville de Quimper. <\/p>\n\n\n\n<p><strong>La construction d\u00e9marre en&nbsp;novembre 2018.<\/strong> (<a href=\"https:\/\/photos.app.goo.gl\/CrJzJu37gbLyHb7D8\" data-type=\"URL\" data-id=\"https:\/\/photos.app.goo.gl\/CrJzJu37gbLyHb7D8\" target=\"_blank\" rel=\"noreferrer noopener\">en photos<\/a>)<\/p>\n\n\n\n<p>Jusqu\u2019en ao\u00fbt 2019 les archers b\u00e9n\u00e9voles ont travaill\u00e9 d\u2019arrache pied pour construire ce qui est&nbsp;aujourd\u2019hui&nbsp;un local pour le mat\u00e9riel, les armes, un bureau, mais aussi et surtout un pas de tir couvert de pr\u00e8s de 30 m\u00e8tres permettant de tirer dans de bien meilleures conditions.<\/p>\n\n\n\n<p>L\u2019inauguration de cette r\u00e9alisation s\u2019est faite le 12&nbsp;octobre 2019&nbsp;en pr\u00e9sence de Monsieur le Maire Ludovic Jolivet, de Monsieur Le Maire Adjoint charg\u00e9 de la pratique sportive Alain Guillou et de Monsieur le Direction des sports Fran\u00e7ois Almange (<a href=\"https:\/\/photos.app.goo.gl\/BFA2VEdvkkAPVRBLA\" data-type=\"URL\" data-id=\"https:\/\/photos.app.goo.gl\/BFA2VEdvkkAPVRBLA\" target=\"_blank\" rel=\"noreferrer noopener\">photos<\/a>)<\/p>\n\n\n\n<h5 class=\"has-header-gradient-color has-text-color wp-block-heading\">Quelques dates importantes :<\/h5>\n\n\n\n<ul class=\"wp-block-list\"><li>Novembre 1987\u00a0: Championnat de Bretagne TIR SALLE &#8211; Hall C de Penvillers<\/li><li>12\u00a0avril 1993\u00a0: Grande initiation au tir \u00e0 l&rsquo;arc place de la R\u00e9sistance de Quimper pour faire conna\u00eetre le tir au grand public a quelques mois du Championnat de France.<\/li><li>Septembre 1993\u00a0: <a rel=\"noreferrer noopener\" href=\"https:\/\/archers-odet.com\/WordPress-AO\/wp-content\/uploads\/2020\/10\/Tir-olympique-par-equipe-260993.pdf\" data-type=\"URL\" data-id=\"https:\/\/archers-odet.com\/WordPress-AO\/wp-content\/uploads\/2020\/10\/Tir-olympique-par-equipe-260993.pdf\" target=\"_blank\">Championnat de France FITA<\/a> par \u00e9quipes de club &#8211; Stade de Penvillers<\/li><li>Mai 1999\u00a0: Championnat de Bretagne TIR NATURE &#8211; St Alouarn<\/li><li>Juin 2006\u00a0: <a rel=\"noreferrer noopener\" href=\"https:\/\/archers-odet.com\/WordPress-AO\/wp-content\/uploads\/2020\/10\/Championnat-fita-250606.pdf\" data-type=\"URL\" data-id=\"https:\/\/archers-odet.com\/WordPress-AO\/wp-content\/uploads\/2020\/10\/Championnat-fita-250606.pdf\" target=\"_blank\">Championnat de Bretagne FITA<\/a> &#8211; tir \u00e0 70m &#8211; Stade de Kernilis<\/li><li>Juillet 2007\u00a0: Championnat de Bretagne 3D &#8211; St Alouarn<\/li><li>Juin 2013\u00a0: Championnat de Bretagne CAMPAGNE (<a rel=\"noreferrer noopener\" href=\"https:\/\/goo.gl\/photos\/v9jA7kiq4emgjLzb9\" data-type=\"URL\" data-id=\"https:\/\/goo.gl\/photos\/v9jA7kiq4emgjLzb9\" target=\"_blank\">photos<\/a>) &#8211; Centre ville de Quimper<\/li><li>F\u00e9vrier 2015\u00a0: championnat de Bretagne TIR SALLE Adultes &#8211; Hall des Sports de Penhars<\/li><li><span class=\"has-inline-color has-header-gradient-color\">Avril 2018<\/span>\u00a0: Troph\u00e9e des Mixtes en ext\u00e9rieur (<a rel=\"noreferrer noopener\" href=\"https:\/\/photos.app.goo.gl\/rrScuSZvNDDDheVQ7\" data-type=\"URL\" data-id=\"https:\/\/photos.app.goo.gl\/rrScuSZvNDDDheVQ7\" target=\"_blank\">photos<\/a>) &#8211; Terrain de Sport du Lyc\u00e9e K\u00e9rustum<\/li><li><span class=\"has-inline-color has-header-gradient-color\">F\u00e9vrier 2019<\/span>\u00a0: Championnat de Ligue SALLE par \u00e9quipes (<a rel=\"noreferrer noopener\" href=\"https:\/\/photos.app.goo.gl\/YKVtovRtGUPMT9mZ7\" data-type=\"URL\" data-id=\"https:\/\/photos.app.goo.gl\/YKVtovRtGUPMT9mZ7\" target=\"_blank\">photos<\/a>) &#8211; Hall des Sports de Penhars<\/li><li>Mai 2022 : Championnat R\u00e9gional Bretagne Campagne (<a href=\"https:\/\/photos.google.com\/share\/AF1QipMpoYmDnmtRWsdswfsSivtWqws3CGo5dph-8X95R6bRL1QxltQJEiV_eWDSoqBZnw?pli=1&amp;key=eFIwREItZG1KVW5hZUM2ZzllWlBIUG5yVl9ha1ln\" target=\"_blank\" rel=\"noreferrer noopener\">photos<\/a>) &#8211; Centre ville de Quimper<\/li><\/ul>\n","protected":false},"excerpt":{"rendered":"<p>De l&rsquo;histoire ancienne&#8230; Les archives municipales de la Ville de Quimper&nbsp;t\u00e9moignent&nbsp;: En 1495, le roi Charles VIII, \u00e9poux de la duchesse Anne de Bretagne, est le premier roi de France \u00e0 accorder une charte royale \u00e0 la population de Quimper. Cette charte est relative au&nbsp;Papegault, privil\u00e8ge octroy\u00e9 en Bretagne par [&hellip;]<\/p>\n","protected":false},"author":1,"featured_media":0,"parent":0,"menu_order":0,"comment_status":"closed","ping_status":"closed","template":"","meta":{"footnotes":""},"class_list":["post-4611","page","type-page","status-publish","hentry"],"_links":{"self":[{"href":"https:\/\/archers-odet.com\/WordPress-AO\/wp-json\/wp\/v2\/pages\/4611","targetHints":{"allow":["GET"]}}],"collection":[{"href":"https:\/\/archers-odet.com\/WordPress-AO\/wp-json\/wp\/v2\/pages"}],"about":[{"href":"https:\/\/archers-odet.com\/WordPress-AO\/wp-json\/wp\/v2\/types\/page"}],"author":[{"embeddable":true,"href":"https:\/\/archers-odet.com\/WordPress-AO\/wp-json\/wp\/v2\/users\/1"}],"replies":[{"embeddable":true,"href":"https:\/\/archers-odet.com\/WordPress-AO\/wp-json\/wp\/v2\/comments?post=4611"}],"version-history":[{"count":29,"href":"https:\/\/archers-odet.com\/WordPress-AO\/wp-json\/wp\/v2\/pages\/4611\/revisions"}],"predecessor-version":[{"id":6602,"href":"https:\/\/archers-odet.com\/WordPress-AO\/wp-json\/wp\/v2\/pages\/4611\/revisions\/6602"}],"wp:attachment":[{"href":"https:\/\/archers-odet.com\/WordPress-AO\/wp-json\/wp\/v2\/media?parent=4611"}],"curies":[{"name":"wp","href":"https:\/\/api.w.org\/{rel}","templated":true}]}}